{"id":19,"date":"2025-06-22T21:43:51","date_gmt":"2025-06-22T21:43:51","guid":{"rendered":"https:\/\/castillodelvalleangol.cl\/?page_id=19"},"modified":"2025-08-14T13:33:48","modified_gmt":"2025-08-14T17:33:48","slug":"arriendo-de-juegos","status":"publish","type":"page","link":"https:\/\/castillodelvalleangol.cl\/?page_id=19","title":{"rendered":""},"content":{"rendered":"\t\t<div data-elementor-type=\"wp-page\" data-elementor-id=\"19\" class=\"elementor elementor-19\">\n\t\t\t\t<div class=\"elementor-element elementor-element-4cc1fe16 e-con-full e-flex e-con e-parent\" data-id=\"4cc1fe16\" data-element_type=\"container\" data-settings=\"{&quot;background_background&quot;:&quot;classic&quot;}\">\n\t\t<div class=\"elementor-element elementor-element-3e957e7d e-con-full e-flex e-con e-child\" data-id=\"3e957e7d\" data-element_type=\"container\">\n\t\t\t\t<div class=\"elementor-element elementor-element-1e782829 elementor-widget elementor-widget-heading\" data-id=\"1e782829\" data-element_type=\"widget\" data-widget_type=\"heading.default\">\n\t\t\t\t<div class=\"elementor-widget-container\">\n\t\t\t\t\t<h1 class=\"elementor-heading-title elementor-size-default\">Arriendo de juegos infantiles y de entretenci\u00f3n<\/h1>\t\t\t\t<\/div>\n\t\t\t\t<\/div>\n\t\t\t\t<div class=\"elementor-element elementor-element-56220175 elementor-widget elementor-widget-text-editor\" data-id=\"56220175\" data-element_type=\"widget\" data-widget_type=\"text-editor.default\">\n\t\t\t\t<div class=\"elementor-widget-container\">\n\t\t\t\t\t\t\t\t\t<p><strong>\u00a1Haz que tu celebraci\u00f3n sea inolvidable con los juegos m\u00e1s entretenidos de Castillo del Valle!<\/strong><\/p>\t\t\t\t\t\t\t\t<\/div>\n\t\t\t\t<\/div>\n\t\t\t\t<\/div>\n\t\t<div class=\"elementor-element elementor-element-22716c31 e-con-full e-flex e-con e-child\" data-id=\"22716c31\" data-element_type=\"container\">\n\t\t\t\t<div class=\"elementor-element elementor-element-13f26467 elementor-widget elementor-widget-image\" data-id=\"13f26467\" data-element_type=\"widget\" data-widget_type=\"image.default\">\n\t\t\t\t<div class=\"elementor-widget-container\">\n\t\t\t\t\t\t\t\t\t\t\t\t\t\t\t<img fetchpriority=\"high\" decoding=\"async\" width=\"768\" height=\"768\" src=\"https:\/\/castillodelvalleangol.cl\/wp-content\/uploads\/2025\/08\/mix-taca-tacas-y-ping-pong-768x768.jpg\" class=\"attachment-medium_large size-medium_large wp-image-424\" alt=\"\" srcset=\"https:\/\/castillodelvalleangol.cl\/wp-content\/uploads\/2025\/08\/mix-taca-tacas-y-ping-pong-768x768.jpg 768w, https:\/\/castillodelvalleangol.cl\/wp-content\/uploads\/2025\/08\/mix-taca-tacas-y-ping-pong-300x300.jpg 300w, https:\/\/castillodelvalleangol.cl\/wp-content\/uploads\/2025\/08\/mix-taca-tacas-y-ping-pong-1024x1024.jpg 1024w, https:\/\/castillodelvalleangol.cl\/wp-content\/uploads\/2025\/08\/mix-taca-tacas-y-ping-pong-150x150.jpg 150w, https:\/\/castillodelvalleangol.cl\/wp-content\/uploads\/2025\/08\/mix-taca-tacas-y-ping-pong-1536x1536.jpg 1536w, https:\/\/castillodelvalleangol.cl\/wp-content\/uploads\/2025\/08\/mix-taca-tacas-y-ping-pong.webp 1920w\" sizes=\"(max-width: 768px) 100vw, 768px\" \/>\t\t\t\t\t\t\t\t\t\t\t\t\t\t\t<\/div>\n\t\t\t\t<\/div>\n\t\t\t\t<\/div>\n\t\t\t\t<\/div>\n\t\t<div class=\"elementor-element elementor-element-ba55323 e-flex e-con-boxed e-con e-parent\" data-id=\"ba55323\" data-element_type=\"container\">\n\t\t\t\t\t<div class=\"e-con-inner\">\n\t\t<div class=\"elementor-element elementor-element-4876e8fe e-con-full e-flex e-con e-child\" data-id=\"4876e8fe\" data-element_type=\"container\">\n\t\t\t\t<div class=\"elementor-element elementor-element-572cc884 elementor-widget elementor-widget-heading\" data-id=\"572cc884\" data-element_type=\"widget\" data-widget_type=\"heading.default\">\n\t\t\t\t<div class=\"elementor-widget-container\">\n\t\t\t\t\t<h3 class=\"elementor-heading-title elementor-size-default\">Taca Taca, Ping Pong y Air Hockey<\/h3>\t\t\t\t<\/div>\n\t\t\t\t<\/div>\n\t\t\t\t<div class=\"elementor-element elementor-element-63dd6905 elementor-widget elementor-widget-text-editor\" data-id=\"63dd6905\" data-element_type=\"widget\" data-widget_type=\"text-editor.default\">\n\t\t\t\t<div class=\"elementor-widget-container\">\n\t\t\t\t\t\t\t\t\t<p>Arrienda una mesa de ping pong, un taca taca y una mesa de air hockey para disfrutar al m\u00e1ximo en cumplea\u00f1os, reuniones familiares o cualquier evento especial.<\/p><p>Ideal para ni\u00f1os y adultos, esta combinaci\u00f3n garantiza diversi\u00f3n asegurada por solo\u00a0<strong>$35.000<\/strong>.\u00a0<\/p>\t\t\t\t\t\t\t\t<\/div>\n\t\t\t\t<\/div>\n\t\t\t\t<div class=\"elementor-element elementor-element-0cf5d86 elementor-button-danger elementor-mobile-align-center elementor-widget elementor-widget-button\" data-id=\"0cf5d86\" data-element_type=\"widget\" data-widget_type=\"button.default\">\n\t\t\t\t<div class=\"elementor-widget-container\">\n\t\t\t\t\t\t\t\t\t<div class=\"elementor-button-wrapper\">\n\t\t\t\t\t<a class=\"elementor-button elementor-button-link elementor-size-sm\" href=\"http:\/\/wa.me\/56947377315\" target=\"_blank\">\n\t\t\t\t\t\t<span class=\"elementor-button-content-wrapper\">\n\t\t\t\t\t\t\t\t\t<span class=\"elementor-button-text\">RESERVAR AHORA!<\/span>\n\t\t\t\t\t<\/span>\n\t\t\t\t\t<\/a>\n\t\t\t\t<\/div>\n\t\t\t\t\t\t\t\t<\/div>\n\t\t\t\t<\/div>\n\t\t\t\t<\/div>\n\t\t\t\t\t<\/div>\n\t\t\t\t<\/div>\n\t\t<div class=\"elementor-element elementor-element-1e71677b e-con-full e-flex e-con e-parent\" data-id=\"1e71677b\" data-element_type=\"container\" id=\"next\">\n\t\t<div class=\"elementor-element elementor-element-666f4ce6 e-con-full e-flex e-con e-child\" data-id=\"666f4ce6\" data-element_type=\"container\">\n\t\t<div class=\"elementor-element elementor-element-54a1624a e-con-full e-flex e-con e-child\" data-id=\"54a1624a\" data-element_type=\"container\">\n\t\t\t\t<div class=\"elementor-element elementor-element-546c6cf3 elementor-position-top elementor-widget elementor-widget-image-box\" data-id=\"546c6cf3\" data-element_type=\"widget\" data-widget_type=\"image-box.default\">\n\t\t\t\t<div class=\"elementor-widget-container\">\n\t\t\t\t\t<div class=\"elementor-image-box-wrapper\"><figure class=\"elementor-image-box-img\"><a href=\"#\" tabindex=\"-1\"><img decoding=\"async\" width=\"1920\" height=\"1920\" src=\"https:\/\/castillodelvalleangol.cl\/wp-content\/uploads\/2025\/08\/plataforma-360-y-burbujas.webp\" class=\"elementor-animation-grow attachment-full size-full wp-image-425\" alt=\"\" srcset=\"https:\/\/castillodelvalleangol.cl\/wp-content\/uploads\/2025\/08\/plataforma-360-y-burbujas.webp 1920w, https:\/\/castillodelvalleangol.cl\/wp-content\/uploads\/2025\/08\/plataforma-360-y-burbujas-300x300.webp 300w, https:\/\/castillodelvalleangol.cl\/wp-content\/uploads\/2025\/08\/plataforma-360-y-burbujas-1024x1024.webp 1024w, https:\/\/castillodelvalleangol.cl\/wp-content\/uploads\/2025\/08\/plataforma-360-y-burbujas-150x150.webp 150w, https:\/\/castillodelvalleangol.cl\/wp-content\/uploads\/2025\/08\/plataforma-360-y-burbujas-768x768.webp 768w, https:\/\/castillodelvalleangol.cl\/wp-content\/uploads\/2025\/08\/plataforma-360-y-burbujas-1536x1536.webp 1536w\" sizes=\"(max-width: 1920px) 100vw, 1920px\" \/><\/a><\/figure><div class=\"elementor-image-box-content\"><h4 class=\"elementor-image-box-title\"><a href=\"#\">plataforma 360 + Burbujas<\/a><\/h4><\/div><\/div>\t\t\t\t<\/div>\n\t\t\t\t<\/div>\n\t\t\t\t<div class=\"elementor-element elementor-element-b82ccd6 elementor-widget elementor-widget-text-editor\" data-id=\"b82ccd6\" data-element_type=\"widget\" data-widget_type=\"text-editor.default\">\n\t\t\t\t<div class=\"elementor-widget-container\">\n\t\t\t\t\t\t\t\t\t<p>Captura los mejores momentos en video desde todos los \u00e1ngulos, mientras las burbujas llenan el ambiente de magia y diversi\u00f3n.\u00a0<\/p><p>Perfecta para cumplea\u00f1os, matrimonios, eventos escolares o cualquier celebraci\u00f3n que quieras hacer inolvidable.<\/p><p>Arri\u00e9ndala por solo <strong>$65.000<\/strong> y vive una experiencia interactiva y moderna que encantar\u00e1 a todos tus invitados.<\/p>\t\t\t\t\t\t\t\t<\/div>\n\t\t\t\t<\/div>\n\t\t\t\t<div class=\"elementor-element elementor-element-56b4f82 elementor-button-danger elementor-mobile-align-center elementor-widget elementor-widget-button\" data-id=\"56b4f82\" data-element_type=\"widget\" data-widget_type=\"button.default\">\n\t\t\t\t<div class=\"elementor-widget-container\">\n\t\t\t\t\t\t\t\t\t<div class=\"elementor-button-wrapper\">\n\t\t\t\t\t<a class=\"elementor-button elementor-button-link elementor-size-sm\" href=\"http:\/\/wa.me\/56947377315\" target=\"_blank\">\n\t\t\t\t\t\t<span class=\"elementor-button-content-wrapper\">\n\t\t\t\t\t\t\t\t\t<span class=\"elementor-button-text\">RESERVAR AHORA!<\/span>\n\t\t\t\t\t<\/span>\n\t\t\t\t\t<\/a>\n\t\t\t\t<\/div>\n\t\t\t\t\t\t\t\t<\/div>\n\t\t\t\t<\/div>\n\t\t\t\t<\/div>\n\t\t\t\t<\/div>\n\t\t\t\t<\/div>\n\t\t<div class=\"elementor-element elementor-element-7b69b9b e-flex e-con-boxed e-con e-parent\" data-id=\"7b69b9b\" data-element_type=\"container\">\n\t\t\t\t\t<div class=\"e-con-inner\">\n\t\t\t\t<div class=\"elementor-element elementor-element-796dde8 elementor-widget elementor-widget-spacer\" data-id=\"796dde8\" data-element_type=\"widget\" data-widget_type=\"spacer.default\">\n\t\t\t\t<div class=\"elementor-widget-container\">\n\t\t\t\t\t\t\t<div class=\"elementor-spacer\">\n\t\t\t<div class=\"elementor-spacer-inner\"><\/div>\n\t\t<\/div>\n\t\t\t\t\t\t<\/div>\n\t\t\t\t<\/div>\n\t\t\t\t<div class=\"elementor-element elementor-element-a01e956 elementor-align-justify elementor-mobile-align-justify elementor-widget elementor-widget-button\" data-id=\"a01e956\" data-element_type=\"widget\" data-widget_type=\"button.default\">\n\t\t\t\t<div class=\"elementor-widget-container\">\n\t\t\t\t\t\t\t\t\t<div class=\"elementor-button-wrapper\">\n\t\t\t\t\t<a class=\"elementor-button elementor-button-link elementor-size-sm\" href=\"http:\/\/www.castillodelvalleangol.cl\">\n\t\t\t\t\t\t<span class=\"elementor-button-content-wrapper\">\n\t\t\t\t\t\t\t\t\t<span class=\"elementor-button-text\">VOLVER A INICIO<\/span>\n\t\t\t\t\t<\/span>\n\t\t\t\t\t<\/a>\n\t\t\t\t<\/div>\n\t\t\t\t\t\t\t\t<\/div>\n\t\t\t\t<\/div>\n\t\t\t\t\t<\/div>\n\t\t\t\t<\/div>\n\t\t\t\t<\/div>\n\t\t","protected":false},"excerpt":{"rendered":"<p>Arriendo de juegos infantiles y de entretenci\u00f3n \u00a1Haz que tu celebraci\u00f3n sea inolvidable con los juegos m\u00e1s entretenidos de Castillo del Valle! Taca Taca, Ping Pong y Air Hockey Arrienda una mesa de ping pong, un taca taca y una mesa de air hockey para disfrutar al m\u00e1ximo en cumplea\u00f1os, reuniones familiares o cualquier evento [&hellip;]<\/p>\n","protected":false},"author":1,"featured_media":0,"parent":0,"menu_order":0,"comment_status":"closed","ping_status":"closed","template":"","meta":{"_joinchat":[],"footnotes":""},"class_list":["post-19","page","type-page","status-publish","hentry"],"_links":{"self":[{"href":"https:\/\/castillodelvalleangol.cl\/index.php?rest_route=\/wp\/v2\/pages\/19","targetHints":{"allow":["GET"]}}],"collection":[{"href":"https:\/\/castillodelvalleangol.cl\/index.php?rest_route=\/wp\/v2\/pages"}],"about":[{"href":"https:\/\/castillodelvalleangol.cl\/index.php?rest_route=\/wp\/v2\/types\/page"}],"author":[{"embeddable":true,"href":"https:\/\/castillodelvalleangol.cl\/index.php?rest_route=\/wp\/v2\/users\/1"}],"replies":[{"embeddable":true,"href":"https:\/\/castillodelvalleangol.cl\/index.php?rest_route=%2Fwp%2Fv2%2Fcomments&post=19"}],"version-history":[{"count":29,"href":"https:\/\/castillodelvalleangol.cl\/index.php?rest_route=\/wp\/v2\/pages\/19\/revisions"}],"predecessor-version":[{"id":501,"href":"https:\/\/castillodelvalleangol.cl\/index.php?rest_route=\/wp\/v2\/pages\/19\/revisions\/501"}],"wp:attachment":[{"href":"https:\/\/castillodelvalleangol.cl\/index.php?rest_route=%2Fwp%2Fv2%2Fmedia&parent=19"}],"curies":[{"name":"wp","href":"https:\/\/api.w.org\/{rel}","templated":true}]}}