{"id":358,"date":"2025-08-05T10:36:32","date_gmt":"2025-08-05T14:36:32","guid":{"rendered":"https:\/\/castillodelvalleangol.cl\/?page_id=358"},"modified":"2025-11-13T10:34:56","modified_gmt":"2025-11-13T13:34:56","slug":"after-school","status":"publish","type":"page","link":"https:\/\/castillodelvalleangol.cl\/?page_id=358","title":{"rendered":""},"content":{"rendered":"\t\t<div data-elementor-type=\"wp-page\" data-elementor-id=\"358\" class=\"elementor elementor-358\">\n\t\t\t\t<div class=\"elementor-element elementor-element-4d0770dd e-con-full e-flex e-con e-parent\" data-id=\"4d0770dd\" data-element_type=\"container\" data-settings=\"{&quot;background_background&quot;:&quot;classic&quot;}\">\n\t\t<div class=\"elementor-element elementor-element-6869faa7 e-con-full e-flex e-con e-child\" data-id=\"6869faa7\" data-element_type=\"container\">\n\t\t\t\t<div class=\"elementor-element elementor-element-3e4fec77 elementor-widget elementor-widget-image\" data-id=\"3e4fec77\" data-element_type=\"widget\" data-widget_type=\"image.default\">\n\t\t\t\t<div class=\"elementor-widget-container\">\n\t\t\t\t\t\t\t\t\t\t\t\t\t\t\t<img fetchpriority=\"high\" decoding=\"async\" width=\"800\" height=\"800\" src=\"https:\/\/castillodelvalleangol.cl\/wp-content\/uploads\/2025\/08\/mix-1-1024x1024.jpg\" class=\"attachment-large size-large wp-image-378\" alt=\"\" srcset=\"https:\/\/castillodelvalleangol.cl\/wp-content\/uploads\/2025\/08\/mix-1-1024x1024.jpg 1024w, https:\/\/castillodelvalleangol.cl\/wp-content\/uploads\/2025\/08\/mix-1-300x300.webp 300w, https:\/\/castillodelvalleangol.cl\/wp-content\/uploads\/2025\/08\/mix-1-150x150.jpg 150w, https:\/\/castillodelvalleangol.cl\/wp-content\/uploads\/2025\/08\/mix-1-768x768.jpg 768w, https:\/\/castillodelvalleangol.cl\/wp-content\/uploads\/2025\/08\/mix-1-1536x1536.jpg 1536w, https:\/\/castillodelvalleangol.cl\/wp-content\/uploads\/2025\/08\/mix-1.webp 1920w\" sizes=\"(max-width: 800px) 100vw, 800px\" \/>\t\t\t\t\t\t\t\t\t\t\t\t\t\t\t<\/div>\n\t\t\t\t<\/div>\n\t\t\t\t<\/div>\n\t\t<div class=\"elementor-element elementor-element-3ac03992 e-con-full e-flex e-con e-child\" data-id=\"3ac03992\" data-element_type=\"container\">\n\t\t\t\t<div class=\"elementor-element elementor-element-1f4aed29 elementor-widget elementor-widget-heading\" data-id=\"1f4aed29\" data-element_type=\"widget\" data-widget_type=\"heading.default\">\n\t\t\t\t<div class=\"elementor-widget-container\">\n\t\t\t\t\t<h1 class=\"elementor-heading-title elementor-size-default\">After School<\/h1>\t\t\t\t<\/div>\n\t\t\t\t<\/div>\n\t\t\t\t<div class=\"elementor-element elementor-element-36405333 elementor-widget elementor-widget-text-editor\" data-id=\"36405333\" data-element_type=\"widget\" data-widget_type=\"text-editor.default\">\n\t\t\t\t<div class=\"elementor-widget-container\">\n\t\t\t\t\t\t\t\t\t<p><strong>Infancia libre<\/strong> de lunes a viernes de 12:30 a 19:00 horas, para ni\u00f1os y ni\u00f1as desde 4 hasta 11 a\u00f1os de edad.<\/p>\t\t\t\t\t\t\t\t<\/div>\n\t\t\t\t<\/div>\n\t\t\t\t<\/div>\n\t\t\t\t<\/div>\n\t\t<div class=\"elementor-element elementor-element-54c72f3e e-con-full e-flex e-con e-parent\" data-id=\"54c72f3e\" data-element_type=\"container\" data-settings=\"{&quot;background_background&quot;:&quot;classic&quot;}\">\n\t\t<div class=\"elementor-element elementor-element-4fb52550 e-con-full e-flex e-con e-child\" data-id=\"4fb52550\" data-element_type=\"container\">\n\t\t\t\t<div class=\"elementor-element elementor-element-61755c1b elementor-widget elementor-widget-heading\" data-id=\"61755c1b\" data-element_type=\"widget\" data-widget_type=\"heading.default\">\n\t\t\t\t<div class=\"elementor-widget-container\">\n\t\t\t\t\t<h2 class=\"elementor-heading-title elementor-size-default\">Magia y entretenci\u00f3n<\/h2>\t\t\t\t<\/div>\n\t\t\t\t<\/div>\n\t\t\t\t<div class=\"elementor-element elementor-element-754d5a49 elementor-widget elementor-widget-text-editor\" data-id=\"754d5a49\" data-element_type=\"widget\" data-widget_type=\"text-editor.default\">\n\t\t\t\t<div class=\"elementor-widget-container\">\n\t\t\t\t\t\t\t\t\t<p>Brindamos un servicio de apoyo, juegos y diversas actividades con principios Montessori, para generar climas emocionales positivos en la vida de nuestros ni\u00f1os y ni\u00f1as.<\/p>\t\t\t\t\t\t\t\t<\/div>\n\t\t\t\t<\/div>\n\t\t\t\t<\/div>\n\t\t<div class=\"elementor-element elementor-element-2d4a781c e-con-full e-flex e-con e-child\" data-id=\"2d4a781c\" data-element_type=\"container\">\n\t\t\t\t<div class=\"elementor-element elementor-element-70f6b205 elementor-widget elementor-widget-image\" data-id=\"70f6b205\" data-element_type=\"widget\" data-widget_type=\"image.default\">\n\t\t\t\t<div class=\"elementor-widget-container\">\n\t\t\t\t\t\t\t\t\t\t\t\t\t\t\t<img decoding=\"async\" width=\"768\" height=\"1024\" src=\"https:\/\/castillodelvalleangol.cl\/wp-content\/uploads\/2025\/08\/WhatsApp-Image-2025-08-07-at-14.28.19-768x1024.jpeg\" class=\"attachment-large size-large wp-image-380\" alt=\"\" srcset=\"https:\/\/castillodelvalleangol.cl\/wp-content\/uploads\/2025\/08\/WhatsApp-Image-2025-08-07-at-14.28.19-768x1024.jpeg 768w, https:\/\/castillodelvalleangol.cl\/wp-content\/uploads\/2025\/08\/WhatsApp-Image-2025-08-07-at-14.28.19-225x300.jpeg 225w, https:\/\/castillodelvalleangol.cl\/wp-content\/uploads\/2025\/08\/WhatsApp-Image-2025-08-07-at-14.28.19-1152x1536.jpeg 1152w, https:\/\/castillodelvalleangol.cl\/wp-content\/uploads\/2025\/08\/WhatsApp-Image-2025-08-07-at-14.28.19.jpeg 1200w\" sizes=\"(max-width: 768px) 100vw, 768px\" \/>\t\t\t\t\t\t\t\t\t\t\t\t\t\t\t<\/div>\n\t\t\t\t<\/div>\n\t\t\t\t<\/div>\n\t\t\t\t<\/div>\n\t\t<div class=\"elementor-element elementor-element-5093504e e-con-full e-flex e-con e-parent\" data-id=\"5093504e\" data-element_type=\"container\" data-settings=\"{&quot;background_background&quot;:&quot;classic&quot;}\">\n\t\t<div class=\"elementor-element elementor-element-85b13b1 e-con-full e-flex e-con e-child\" data-id=\"85b13b1\" data-element_type=\"container\">\n\t\t\t\t<div class=\"elementor-element elementor-element-2dee72c3 elementor-widget elementor-widget-heading\" data-id=\"2dee72c3\" data-element_type=\"widget\" data-widget_type=\"heading.default\">\n\t\t\t\t<div class=\"elementor-widget-container\">\n\t\t\t\t\t<h2 class=\"elementor-heading-title elementor-size-default\">Mayor sensaci\u00f3n de libertad<\/h2>\t\t\t\t<\/div>\n\t\t\t\t<\/div>\n\t\t\t\t<div class=\"elementor-element elementor-element-3191ca1b elementor-widget elementor-widget-text-editor\" data-id=\"3191ca1b\" data-element_type=\"widget\" data-widget_type=\"text-editor.default\">\n\t\t\t\t<div class=\"elementor-widget-container\">\n\t\t\t\t\t\t\t\t\t<p>Es clave que tus hijos est\u00e9n en espacios no reducidos, con mejor ventilaci\u00f3n, mayor luminosidad y fomento de la interacci\u00f3n social. Contribuye a la creatividad y productividad, tanto individual como colectiva, y promueve un ambiente m\u00e1s saludable.<\/p>\t\t\t\t\t\t\t\t<\/div>\n\t\t\t\t<\/div>\n\t\t\t\t<div class=\"elementor-element elementor-element-6500c6f elementor-widget elementor-widget-image\" data-id=\"6500c6f\" data-element_type=\"widget\" data-widget_type=\"image.default\">\n\t\t\t\t<div class=\"elementor-widget-container\">\n\t\t\t\t\t\t\t\t\t\t\t\t\t\t\t<img decoding=\"async\" width=\"768\" height=\"1024\" src=\"https:\/\/castillodelvalleangol.cl\/wp-content\/uploads\/2025\/08\/WhatsApp-Image-2025-08-07-at-14.28.36-768x1024.webp\" class=\"attachment-large size-large wp-image-382\" alt=\"\" srcset=\"https:\/\/castillodelvalleangol.cl\/wp-content\/uploads\/2025\/08\/WhatsApp-Image-2025-08-07-at-14.28.36-768x1024.webp 768w, https:\/\/castillodelvalleangol.cl\/wp-content\/uploads\/2025\/08\/WhatsApp-Image-2025-08-07-at-14.28.36-225x300.webp 225w, https:\/\/castillodelvalleangol.cl\/wp-content\/uploads\/2025\/08\/WhatsApp-Image-2025-08-07-at-14.28.36-1152x1536.webp 1152w, https:\/\/castillodelvalleangol.cl\/wp-content\/uploads\/2025\/08\/WhatsApp-Image-2025-08-07-at-14.28.36.webp 1200w\" sizes=\"(max-width: 768px) 100vw, 768px\" \/>\t\t\t\t\t\t\t\t\t\t\t\t\t\t\t<\/div>\n\t\t\t\t<\/div>\n\t\t\t\t<\/div>\n\t\t\t\t<\/div>\n\t\t<div class=\"elementor-element elementor-element-3111dce7 e-flex e-con-boxed e-con e-parent\" data-id=\"3111dce7\" data-element_type=\"container\" data-settings=\"{&quot;background_background&quot;:&quot;classic&quot;}\">\n\t\t\t\t\t<div class=\"e-con-inner\">\n\t\t\t\t<div class=\"elementor-element elementor-element-169dcb82 elementor-widget elementor-widget-heading\" data-id=\"169dcb82\" data-element_type=\"widget\" data-widget_type=\"heading.default\">\n\t\t\t\t<div class=\"elementor-widget-container\">\n\t\t\t\t\t<h3 class=\"elementor-heading-title elementor-size-default\">Valor promocional:<br>Desde $120.000 x mes<\/h3>\t\t\t\t<\/div>\n\t\t\t\t<\/div>\n\t\t\t\t<div class=\"elementor-element elementor-element-34948bf elementor-widget elementor-widget-text-editor\" data-id=\"34948bf\" data-element_type=\"widget\" data-widget_type=\"text-editor.default\">\n\t\t\t\t<div class=\"elementor-widget-container\">\n\t\t\t\t\t\t\t\t\t<p><b>SEG\u00daN TUS NECESIDADES<\/b><\/p>\t\t\t\t\t\t\t\t<\/div>\n\t\t\t\t<\/div>\n\t\t\t\t<div class=\"elementor-element elementor-element-45836615 elementor-mobile-align-center elementor-align-center elementor-button-danger elementor-widget elementor-widget-button\" data-id=\"45836615\" data-element_type=\"widget\" data-widget_type=\"button.default\">\n\t\t\t\t<div class=\"elementor-widget-container\">\n\t\t\t\t\t\t\t\t\t<div class=\"elementor-button-wrapper\">\n\t\t\t\t\t<a class=\"elementor-button elementor-button-link elementor-size-sm\" href=\"https:\/\/wa.me\/56947377315\" target=\"_blank\">\n\t\t\t\t\t\t<span class=\"elementor-button-content-wrapper\">\n\t\t\t\t\t\t\t\t\t<span class=\"elementor-button-text\">CONT\u00c1CTANOS AHORA!<\/span>\n\t\t\t\t\t<\/span>\n\t\t\t\t\t<\/a>\n\t\t\t\t<\/div>\n\t\t\t\t\t\t\t\t<\/div>\n\t\t\t\t<\/div>\n\t\t\t\t<div class=\"elementor-element elementor-element-594f6b38 elementor-widget elementor-widget-text-editor\" data-id=\"594f6b38\" data-element_type=\"widget\" data-widget_type=\"text-editor.default\">\n\t\t\t\t<div class=\"elementor-widget-container\">\n\t\t\t\t\t\t\t\t\t<p><strong>Inscripci\u00f3n hasta en 3 cuotas<\/strong><\/p><p><strong>Cupos LIMITADOS<\/strong><\/p>\t\t\t\t\t\t\t\t<\/div>\n\t\t\t\t<\/div>\n\t\t\t\t\t<\/div>\n\t\t\t\t<\/div>\n\t\t<div class=\"elementor-element elementor-element-40a1554 e-flex e-con-boxed e-con e-parent\" data-id=\"40a1554\" data-element_type=\"container\">\n\t\t\t\t\t<div class=\"e-con-inner\">\n\t\t\t\t<div class=\"elementor-element elementor-element-87b06da elementor-align-justify elementor-mobile-align-justify elementor-widget elementor-widget-button\" data-id=\"87b06da\" data-element_type=\"widget\" data-widget_type=\"button.default\">\n\t\t\t\t<div class=\"elementor-widget-container\">\n\t\t\t\t\t\t\t\t\t<div class=\"elementor-button-wrapper\">\n\t\t\t\t\t<a class=\"elementor-button elementor-button-link elementor-size-sm\" href=\"http:\/\/www.castillodelvalleangol.cl\">\n\t\t\t\t\t\t<span class=\"elementor-button-content-wrapper\">\n\t\t\t\t\t\t\t\t\t<span class=\"elementor-button-text\">VOLVER A INICIO<\/span>\n\t\t\t\t\t<\/span>\n\t\t\t\t\t<\/a>\n\t\t\t\t<\/div>\n\t\t\t\t\t\t\t\t<\/div>\n\t\t\t\t<\/div>\n\t\t\t\t\t<\/div>\n\t\t\t\t<\/div>\n\t\t\t\t<\/div>\n\t\t","protected":false},"excerpt":{"rendered":"<p>After School Infancia libre de lunes a viernes de 12:30 a 19:00 horas, para ni\u00f1os y ni\u00f1as desde 4 hasta 11 a\u00f1os de edad. Magia y entretenci\u00f3n Brindamos un servicio de apoyo, juegos y diversas actividades con principios Montessori, para generar climas emocionales positivos en la vida de nuestros ni\u00f1os y ni\u00f1as. Mayor sensaci\u00f3n de [&hellip;]<\/p>\n","protected":false},"author":1,"featured_media":0,"parent":0,"menu_order":0,"comment_status":"closed","ping_status":"closed","template":"","meta":{"_joinchat":[],"footnotes":""},"class_list":["post-358","page","type-page","status-publish","hentry"],"_links":{"self":[{"href":"https:\/\/castillodelvalleangol.cl\/index.php?rest_route=\/wp\/v2\/pages\/358","targetHints":{"allow":["GET"]}}],"collection":[{"href":"https:\/\/castillodelvalleangol.cl\/index.php?rest_route=\/wp\/v2\/pages"}],"about":[{"href":"https:\/\/castillodelvalleangol.cl\/index.php?rest_route=\/wp\/v2\/types\/page"}],"author":[{"embeddable":true,"href":"https:\/\/castillodelvalleangol.cl\/index.php?rest_route=\/wp\/v2\/users\/1"}],"replies":[{"embeddable":true,"href":"https:\/\/castillodelvalleangol.cl\/index.php?rest_route=%2Fwp%2Fv2%2Fcomments&post=358"}],"version-history":[{"count":52,"href":"https:\/\/castillodelvalleangol.cl\/index.php?rest_route=\/wp\/v2\/pages\/358\/revisions"}],"predecessor-version":[{"id":633,"href":"https:\/\/castillodelvalleangol.cl\/index.php?rest_route=\/wp\/v2\/pages\/358\/revisions\/633"}],"wp:attachment":[{"href":"https:\/\/castillodelvalleangol.cl\/index.php?rest_route=%2Fwp%2Fv2%2Fmedia&parent=358"}],"curies":[{"name":"wp","href":"https:\/\/api.w.org\/{rel}","templated":true}]}}